{"id":25,"date":"2026-03-01T10:01:50","date_gmt":"2026-03-01T10:01:50","guid":{"rendered":"http:\/\/www.dakgroup.fi\/about\/"},"modified":"2026-03-10T10:21:45","modified_gmt":"2026-03-10T10:21:45","slug":"about","status":"publish","type":"page","link":"https:\/\/www.dakgroup.fi\/fi\/about\/","title":{"rendered":"Tietoja"},"content":{"rendered":"<div data-elementor-type=\"wp-page\" data-elementor-id=\"25\" class=\"elementor elementor-25\" data-elementor-post-type=\"page\">\n\t\t\t\t<div class=\"elementor-element elementor-element-30a2f9f e-flex e-con-boxed e-con e-parent\" data-id=\"30a2f9f\" data-element_type=\"container\" data-e-type=\"container\" data-settings=\"{&quot;background_background&quot;:&quot;classic&quot;}\">\n\t\t\t\t\t<div class=\"e-con-inner\">\n\t\t<div class=\"elementor-element elementor-element-d87b428 e-con-full e-flex e-con e-child\" data-id=\"d87b428\" data-element_type=\"container\" data-e-type=\"container\">\n\t\t\t\t<div class=\"elementor-element elementor-element-7da17b2 elementor-widget elementor-widget-heading\" data-id=\"7da17b2\" data-element_type=\"widget\" data-e-type=\"widget\" data-widget_type=\"heading.default\">\n\t\t\t\t<div class=\"elementor-widget-container\">\n\t\t\t\t\t<h6 class=\"elementor-heading-title elementor-size-default\">Meist\u00e4<\/h6>\t\t\t\t<\/div>\n\t\t\t\t<\/div>\n\t\t\t\t<div class=\"elementor-element elementor-element-b2c5022 elementor-widget__width-initial elementor-widget elementor-widget-heading\" data-id=\"b2c5022\" data-element_type=\"widget\" data-e-type=\"widget\" data-widget_type=\"heading.default\">\n\t\t\t\t<div class=\"elementor-widget-container\">\n\t\t\t\t\t<h1 class=\"elementor-heading-title elementor-size-default\">Enemm\u00e4n aikaa el\u00e4m\u00e4lle.<br> Me huolehdimme siivouksesta<\/h1>\t\t\t\t<\/div>\n\t\t\t\t<\/div>\n\t\t\t\t<\/div>\n\t\t\t\t\t<\/div>\n\t\t\t\t<\/div>\n\t\t<div class=\"elementor-element elementor-element-4602706 e-flex e-con-boxed e-con e-parent\" data-id=\"4602706\" data-element_type=\"container\" data-e-type=\"container\" data-settings=\"{&quot;background_background&quot;:&quot;classic&quot;}\">\n\t\t\t\t\t<div class=\"e-con-inner\">\n\t\t<div class=\"elementor-element elementor-element-3e3e242 e-con-full e-flex e-con e-child\" data-id=\"3e3e242\" data-element_type=\"container\" data-e-type=\"container\">\n\t\t\t\t<div class=\"elementor-element elementor-element-024294f elementor-widget elementor-widget-heading\" data-id=\"024294f\" data-element_type=\"widget\" data-e-type=\"widget\" data-widget_type=\"heading.default\">\n\t\t\t\t<div class=\"elementor-widget-container\">\n\t\t\t\t\t<h2 class=\"elementor-heading-title elementor-size-default\">Keit\u00e4 me olemme.<\/h2>\t\t\t\t<\/div>\n\t\t\t\t<\/div>\n\t\t\t\t<div class=\"elementor-element elementor-element-c66a7d2 elementor-widget elementor-widget-image\" data-id=\"c66a7d2\" data-element_type=\"widget\" data-e-type=\"widget\" data-widget_type=\"image.default\">\n\t\t\t\t<div class=\"elementor-widget-container\">\n\t\t\t\t\t\t\t\t\t\t\t\t\t\t\t<img fetchpriority=\"high\" decoding=\"async\" width=\"1000\" height=\"667\" src=\"https:\/\/www.dakgroup.fi\/wp-content\/uploads\/2026\/03\/cleaning-4-1.png\" class=\"attachment-large size-large wp-image-2180\" alt=\"cleaning 4 (1)\" srcset=\"https:\/\/www.dakgroup.fi\/wp-content\/uploads\/2026\/03\/cleaning-4-1.png 1000w, https:\/\/www.dakgroup.fi\/wp-content\/uploads\/2026\/03\/cleaning-4-1-300x200.png 300w, https:\/\/www.dakgroup.fi\/wp-content\/uploads\/2026\/03\/cleaning-4-1-768x512.png 768w\" sizes=\"(max-width: 1000px) 100vw, 1000px\" title=\"Tietoja\">\t\t\t\t\t\t\t\t\t\t\t\t\t\t\t<\/div>\n\t\t\t\t<\/div>\n\t\t\t\t<\/div>\n\t\t<div class=\"elementor-element elementor-element-cbf17be e-con-full e-flex e-con e-child\" data-id=\"cbf17be\" data-element_type=\"container\" data-e-type=\"container\">\n\t\t\t\t<div class=\"elementor-element elementor-element-d696e4b elementor-widget elementor-widget-text-editor\" data-id=\"d696e4b\" data-element_type=\"widget\" data-e-type=\"widget\" data-widget_type=\"text-editor.default\">\n\t\t\t\t<div class=\"elementor-widget-container\">\n\t\t\t\t\t\t\t\t\t<p>Klo <strong>DaK Group<\/strong>Uskomme, ett\u00e4 siisti tila luo paremman ymp\u00e4rist\u00f6n asumiselle, ty\u00f6skentelylle ja rentoutumiselle. Olemme perhekeskeinen siivousyritys, joka on sitoutunut tarjoamaan luotettavia ja laadukkaita siivouspalveluja huolellisesti ja yksityiskohtia kunnioittaen.<\/p><p>Espoossa toimiva DaK Group tarjoaa ammattimaisia siivouspalveluja koteihin, toimistoihin ja remontoitaviin kohteisiin. Tavoitteemme on yksinkertainen: helpottaa asiakkaidemme arkea pit\u00e4m\u00e4ll\u00e4 heid\u00e4n tilansa puhtaina, raikkaina ja viihtyisin\u00e4. Olipa kyseess\u00e4 s\u00e4\u00e4nn\u00f6llinen kotisiivous, perussiivous tai remontoinnin j\u00e4lkeinen siivous, hoidamme jokaisen toimeksiannon ammattitaitoisesti ja omistautuneesti.<\/p><p>Olemme ylpeit\u00e4 siit\u00e4, ett\u00e4 voimme rakentaa luottamussuhdetta asiakkaisiimme toimimalla luotettavasti, tehokkaasti ja kunnioittaen jokaista siivoamaamme tilaa. Yrityksen\u00e4, joka on rekister\u00f6ity <strong>Vastuu Group<\/strong>Toimimme avoimesti ja vastuullisesti, mik\u00e4 her\u00e4tt\u00e4\u00e4 asiakkaissamme luottamusta tarjoamaamme palveluun.<\/p><p>DaK Groupille siivous on enemm\u00e4n kuin pelkk\u00e4 palvelu \u2013 kyse on puhtaampien tilojen luomisesta ja siit\u00e4, ett\u00e4 annamme asiakkaillemme enemm\u00e4n aikaa keskitty\u00e4 siihen, mik\u00e4 on t\u00e4rkeint\u00e4.<\/p>\t\t\t\t\t\t\t\t<\/div>\n\t\t\t\t<\/div>\n\t\t\t\t<\/div>\n\t\t\t\t\t<\/div>\n\t\t\t\t<\/div>\n\t\t<div class=\"elementor-element elementor-element-969b269 e-flex e-con-boxed e-con e-parent\" data-id=\"969b269\" data-element_type=\"container\" data-e-type=\"container\" data-settings=\"{&quot;background_background&quot;:&quot;classic&quot;}\">\n\t\t\t\t\t<div class=\"e-con-inner\">\n\t\t<div class=\"elementor-element elementor-element-f25a8e7 e-con-full e-flex e-con e-child\" data-id=\"f25a8e7\" data-element_type=\"container\" data-e-type=\"container\">\n\t\t<div class=\"elementor-element elementor-element-b81a23b e-con-full e-flex e-con e-child\" data-id=\"b81a23b\" data-element_type=\"container\" data-e-type=\"container\" data-settings=\"{&quot;background_background&quot;:&quot;classic&quot;}\">\n\t\t\t\t<div class=\"elementor-element elementor-element-18a40ea elementor-widget-divider--view-line elementor-widget elementor-widget-divider\" data-id=\"18a40ea\" data-element_type=\"widget\" data-e-type=\"widget\" data-widget_type=\"divider.default\">\n\t\t\t\t<div class=\"elementor-widget-container\">\n\t\t\t\t\t\t\t<div class=\"elementor-divider\">\n\t\t\t<span class=\"elementor-divider-separator\">\n\t\t\t\t\t\t<\/span>\n\t\t<\/div>\n\t\t\t\t\t\t<\/div>\n\t\t\t\t<\/div>\n\t\t\t\t<div class=\"elementor-element elementor-element-f0dcd2a elementor-widget elementor-widget-heading\" data-id=\"f0dcd2a\" data-element_type=\"widget\" data-e-type=\"widget\" data-widget_type=\"heading.default\">\n\t\t\t\t<div class=\"elementor-widget-container\">\n\t\t\t\t\t<h3 class=\"elementor-heading-title elementor-size-default\">Koulutetut ammattilaiset<\/h3>\t\t\t\t<\/div>\n\t\t\t\t<\/div>\n\t\t\t\t<div class=\"elementor-element elementor-element-9d48b08 elementor-widget elementor-widget-text-editor\" data-id=\"9d48b08\" data-element_type=\"widget\" data-e-type=\"widget\" data-widget_type=\"text-editor.default\">\n\t\t\t\t<div class=\"elementor-widget-container\">\n\t\t\t\t\t\t\t\t\t<p>Tiimimme on saanut huolellisen koulutuksen j\u00e4rjestelm\u00e4llisten siivousmenettelyjen noudattamiseen, mik\u00e4 takaa tasalaatuiset ja korkealaatuiset tulokset.<\/p>\t\t\t\t\t\t\t\t<\/div>\n\t\t\t\t<\/div>\n\t\t\t\t<div class=\"elementor-element elementor-element-95cdfcf elementor-widget elementor-widget-latepoint_book_button\" data-id=\"95cdfcf\" data-element_type=\"widget\" data-e-type=\"widget\" data-widget_type=\"latepoint_book_button.default\">\n\t\t\t\t<div class=\"elementor-widget-container\">\n\t\t\t\t\t<div class=\"latepoint-book-button-wrapper elementor-button-wrapper\"><a href=\"#\" class=\"latepoint-book-button os_trigger_booking elementor-button elementor-button-link elementor-size-sm\" data-hide-side-panel=\"no\" data-hide-summary=\"no\" >Varaa Aika<\/a><\/div>\t\t\t\t<\/div>\n\t\t\t\t<\/div>\n\t\t\t\t<\/div>\n\t\t<div class=\"elementor-element elementor-element-b82f655 e-con-full e-flex e-con e-child\" data-id=\"b82f655\" data-element_type=\"container\" data-e-type=\"container\" data-settings=\"{&quot;background_background&quot;:&quot;classic&quot;}\">\n\t\t\t\t<div class=\"elementor-element elementor-element-5f7ca6b elementor-widget-divider--view-line elementor-widget elementor-widget-divider\" data-id=\"5f7ca6b\" data-element_type=\"widget\" data-e-type=\"widget\" data-widget_type=\"divider.default\">\n\t\t\t\t<div class=\"elementor-widget-container\">\n\t\t\t\t\t\t\t<div class=\"elementor-divider\">\n\t\t\t<span class=\"elementor-divider-separator\">\n\t\t\t\t\t\t<\/span>\n\t\t<\/div>\n\t\t\t\t\t\t<\/div>\n\t\t\t\t<\/div>\n\t\t\t\t<div class=\"elementor-element elementor-element-a891849 elementor-widget elementor-widget-heading\" data-id=\"a891849\" data-element_type=\"widget\" data-e-type=\"widget\" data-widget_type=\"heading.default\">\n\t\t\t\t<div class=\"elementor-widget-container\">\n\t\t\t\t\t<h3 class=\"elementor-heading-title elementor-size-default\">Luotettava aikataulutus <\/h3>\t\t\t\t<\/div>\n\t\t\t\t<\/div>\n\t\t\t\t<div class=\"elementor-element elementor-element-21104fe elementor-widget elementor-widget-text-editor\" data-id=\"21104fe\" data-element_type=\"widget\" data-e-type=\"widget\" data-widget_type=\"text-editor.default\">\n\t\t\t\t<div class=\"elementor-widget-container\">\n\t\t\t\t\t\t\t\t\t<p>Arvostamme aikaasi. Palvelumme toimitetaan sovitun aikataulun mukaisesti, selke\u00e4n viestinn\u00e4n kautta ja ilman ep\u00e4varmuutta.<\/p>\t\t\t\t\t\t\t\t<\/div>\n\t\t\t\t<\/div>\n\t\t\t\t<div class=\"elementor-element elementor-element-44bb782 elementor-widget elementor-widget-latepoint_book_button\" data-id=\"44bb782\" data-element_type=\"widget\" data-e-type=\"widget\" data-widget_type=\"latepoint_book_button.default\">\n\t\t\t\t<div class=\"elementor-widget-container\">\n\t\t\t\t\t<div class=\"latepoint-book-button-wrapper elementor-button-wrapper\"><a href=\"#\" class=\"latepoint-book-button os_trigger_booking elementor-button elementor-button-link elementor-size-sm\" data-hide-side-panel=\"no\" data-hide-summary=\"no\" >Varaa Aika<\/a><\/div>\t\t\t\t<\/div>\n\t\t\t\t<\/div>\n\t\t\t\t<\/div>\n\t\t<div class=\"elementor-element elementor-element-ce8d4a9 e-con-full e-flex e-con e-child\" data-id=\"ce8d4a9\" data-element_type=\"container\" data-e-type=\"container\" data-settings=\"{&quot;background_background&quot;:&quot;classic&quot;}\">\n\t\t\t\t<div class=\"elementor-element elementor-element-4e5ec13 elementor-widget-divider--view-line elementor-widget elementor-widget-divider\" data-id=\"4e5ec13\" data-element_type=\"widget\" data-e-type=\"widget\" data-widget_type=\"divider.default\">\n\t\t\t\t<div class=\"elementor-widget-container\">\n\t\t\t\t\t\t\t<div class=\"elementor-divider\">\n\t\t\t<span class=\"elementor-divider-separator\">\n\t\t\t\t\t\t<\/span>\n\t\t<\/div>\n\t\t\t\t\t\t<\/div>\n\t\t\t\t<\/div>\n\t\t\t\t<div class=\"elementor-element elementor-element-ef87d6d elementor-widget elementor-widget-heading\" data-id=\"ef87d6d\" data-element_type=\"widget\" data-e-type=\"widget\" data-widget_type=\"heading.default\">\n\t\t\t\t<div class=\"elementor-widget-container\">\n\t\t\t\t\t<h3 class=\"elementor-heading-title elementor-size-default\">Laadunvalvontaprosessi.<\/h3>\t\t\t\t<\/div>\n\t\t\t\t<\/div>\n\t\t\t\t<div class=\"elementor-element elementor-element-9fea327 elementor-widget elementor-widget-text-editor\" data-id=\"9fea327\" data-element_type=\"widget\" data-e-type=\"widget\" data-widget_type=\"text-editor.default\">\n\t\t\t\t<div class=\"elementor-widget-container\">\n\t\t\t\t\t\t\t\t\t<p>Jokainen tila siivotaan j\u00e4rjestelm\u00e4llisten tarkistuslistoja noudattaen ja valvonnan alaisena, jotta vaatimukset t\u00e4yttyv\u00e4t.<\/p>\t\t\t\t\t\t\t\t<\/div>\n\t\t\t\t<\/div>\n\t\t\t\t<div class=\"elementor-element elementor-element-b69bee1 elementor-widget elementor-widget-latepoint_book_button\" data-id=\"b69bee1\" data-element_type=\"widget\" data-e-type=\"widget\" data-widget_type=\"latepoint_book_button.default\">\n\t\t\t\t<div class=\"elementor-widget-container\">\n\t\t\t\t\t<div class=\"latepoint-book-button-wrapper elementor-button-wrapper\"><a href=\"#\" class=\"latepoint-book-button os_trigger_booking elementor-button elementor-button-link elementor-size-sm\" data-hide-side-panel=\"no\" data-hide-summary=\"no\" >Varaa Aika<\/a><\/div>\t\t\t\t<\/div>\n\t\t\t\t<\/div>\n\t\t\t\t<\/div>\n\t\t\t\t<\/div>\n\t\t\t\t\t<\/div>\n\t\t\t\t<\/div>\n\t\t\t\t<section class=\"elementor-section elementor-top-section elementor-element elementor-element-111a50c elementor-section-content-middle elementor-section-height-min-height elementor-section-full_width elementor-section-height-default elementor-section-items-middle\" data-id=\"111a50c\" data-element_type=\"section\" data-e-type=\"section\" data-settings=\"{&quot;background_background&quot;:&quot;classic&quot;}\">\n\t\t\t\t\t\t<div class=\"elementor-container elementor-column-gap-default\">\n\t\t\t\t\t<div class=\"elementor-column elementor-col-33 elementor-top-column elementor-element elementor-element-c734dd8\" data-id=\"c734dd8\" data-element_type=\"column\" data-e-type=\"column\">\n\t\t\t<div class=\"elementor-widget-wrap elementor-element-populated\">\n\t\t\t\t\t\t<div class=\"elementor-element elementor-element-8b72b8b elementor-widget elementor-widget-counter\" data-id=\"8b72b8b\" data-element_type=\"widget\" data-e-type=\"widget\" data-widget_type=\"counter.default\">\n\t\t\t\t<div class=\"elementor-widget-container\">\n\t\t\t\t\t\t\t<div class=\"elementor-counter\">\n\t\t\t<div class=\"elementor-counter-title\">Vuosien kokemus<\/div>\t\t\t<div class=\"elementor-counter-number-wrapper\">\n\t\t\t\t<span class=\"elementor-counter-number-prefix\">+<\/span>\n\t\t\t\t<span class=\"elementor-counter-number\" data-duration=\"2000\" data-to-value=\"5\" data-from-value=\"\" data-delimiter=\",\"><\/span>\n\t\t\t\t<span class=\"elementor-counter-number-suffix\"><\/span>\n\t\t\t<\/div>\n\t\t<\/div>\n\t\t\t\t\t\t<\/div>\n\t\t\t\t<\/div>\n\t\t\t\t\t<\/div>\n\t\t<\/div>\n\t\t\t\t<div class=\"elementor-column elementor-col-33 elementor-top-column elementor-element elementor-element-30e552f\" data-id=\"30e552f\" data-element_type=\"column\" data-e-type=\"column\">\n\t\t\t<div class=\"elementor-widget-wrap elementor-element-populated\">\n\t\t\t\t\t\t<div class=\"elementor-element elementor-element-5c18b3c elementor-widget elementor-widget-counter\" data-id=\"5c18b3c\" data-element_type=\"widget\" data-e-type=\"widget\" data-widget_type=\"counter.default\">\n\t\t\t\t<div class=\"elementor-widget-container\">\n\t\t\t\t\t\t\t<div class=\"elementor-counter\">\n\t\t\t<div class=\"elementor-counter-title\">Tyytyv\u00e4isyysaste<\/div>\t\t\t<div class=\"elementor-counter-number-wrapper\">\n\t\t\t\t<span class=\"elementor-counter-number-prefix\"><\/span>\n\t\t\t\t<span class=\"elementor-counter-number\" data-duration=\"2000\" data-to-value=\"85\" data-from-value=\"0\" data-delimiter=\",\">0<\/span>\n\t\t\t\t<span class=\"elementor-counter-number-suffix\">%<\/span>\n\t\t\t<\/div>\n\t\t<\/div>\n\t\t\t\t\t\t<\/div>\n\t\t\t\t<\/div>\n\t\t\t\t\t<\/div>\n\t\t<\/div>\n\t\t\t\t<div class=\"elementor-column elementor-col-33 elementor-top-column elementor-element elementor-element-cb20434\" data-id=\"cb20434\" data-element_type=\"column\" data-e-type=\"column\">\n\t\t\t<div class=\"elementor-widget-wrap elementor-element-populated\">\n\t\t\t\t\t\t<div class=\"elementor-element elementor-element-df49e89 elementor-widget elementor-widget-counter\" data-id=\"df49e89\" data-element_type=\"widget\" data-e-type=\"widget\" data-widget_type=\"counter.default\">\n\t\t\t\t<div class=\"elementor-widget-container\">\n\t\t\t\t\t\t\t<div class=\"elementor-counter\">\n\t\t\t<div class=\"elementor-counter-title\">Palvelemamme asiakkaat<\/div>\t\t\t<div class=\"elementor-counter-number-wrapper\">\n\t\t\t\t<span class=\"elementor-counter-number-prefix\">+<\/span>\n\t\t\t\t<span class=\"elementor-counter-number\" data-duration=\"2000\" data-to-value=\"50\" data-from-value=\"0\" data-delimiter=\",\">0<\/span>\n\t\t\t\t<span class=\"elementor-counter-number-suffix\"><\/span>\n\t\t\t<\/div>\n\t\t<\/div>\n\t\t\t\t\t\t<\/div>\n\t\t\t\t<\/div>\n\t\t\t\t\t<\/div>\n\t\t<\/div>\n\t\t\t\t\t<\/div>\n\t\t<\/section>\n\t\t\t\t<section class=\"elementor-section elementor-top-section elementor-element elementor-element-ogjuxcr elementor-section-content-top elementor-section-boxed elementor-section-height-default elementor-section-height-default\" data-id=\"ogjuxcr\" data-element_type=\"section\" data-e-type=\"section\" data-settings=\"{&quot;background_background&quot;:&quot;classic&quot;}\">\n\t\t\t\t\t\t\t<div class=\"elementor-background-overlay\"><\/div>\n\t\t\t\t\t\t\t<div class=\"elementor-container elementor-column-gap-no\">\n\t\t\t\t\t<div class=\"elementor-column elementor-col-50 elementor-top-column elementor-element elementor-element-638b864\" data-id=\"638b864\" data-element_type=\"column\" data-e-type=\"column\">\n\t\t\t<div class=\"elementor-widget-wrap elementor-element-populated\">\n\t\t\t\t\t\t<div class=\"elementor-element elementor-element-a5cbf28 elementor-widget elementor-widget-heading\" data-id=\"a5cbf28\" data-element_type=\"widget\" data-e-type=\"widget\" data-widget_type=\"heading.default\">\n\t\t\t\t<div class=\"elementor-widget-container\">\n\t\t\t\t\t<h2 class=\"elementor-heading-title elementor-size-default\">Oletko valmis liittym\u00e4\u00e4n tiimiimme?<\/h2>\t\t\t\t<\/div>\n\t\t\t\t<\/div>\n\t\t\t\t\t<\/div>\n\t\t<\/div>\n\t\t\t\t<div class=\"elementor-column elementor-col-50 elementor-top-column elementor-element elementor-element-9bff8ab\" data-id=\"9bff8ab\" data-element_type=\"column\" data-e-type=\"column\">\n\t\t\t<div class=\"elementor-widget-wrap elementor-element-populated\">\n\t\t\t\t\t\t<div class=\"elementor-element elementor-element-578368d elementor-widget__width-initial elementor-widget elementor-widget-text-editor\" data-id=\"578368d\" data-element_type=\"widget\" data-e-type=\"widget\" data-widget_type=\"text-editor.default\">\n\t\t\t\t<div class=\"elementor-widget-container\">\n\t\t\t\t\t\t\t\t\t<p>Koe tarkkuudella ja ammattitaidolla suoritettu siivous. Anna meid\u00e4n muuttaa tilasi tahrattomaksi ja terveelliseksi ymp\u00e4rist\u00f6ksi.<\/p>\t\t\t\t\t\t\t\t<\/div>\n\t\t\t\t<\/div>\n\t\t\t\t<div class=\"elementor-element elementor-element-bf52e0b elementor-align-left elementor-widget elementor-widget-latepoint_book_button\" data-id=\"bf52e0b\" data-element_type=\"widget\" data-e-type=\"widget\" data-widget_type=\"latepoint_book_button.default\">\n\t\t\t\t<div class=\"elementor-widget-container\">\n\t\t\t\t\t<div class=\"latepoint-book-button-wrapper elementor-button-wrapper\"><a href=\"#\" class=\"latepoint-book-button os_trigger_booking elementor-button elementor-button-link elementor-size-sm\" data-hide-side-panel=\"no\" data-hide-summary=\"no\" >Varaa Aika<\/a><\/div>\t\t\t\t<\/div>\n\t\t\t\t<\/div>\n\t\t\t\t\t<\/div>\n\t\t<\/div>\n\t\t\t\t\t<\/div>\n\t\t<\/section>\n\t\t\t\t<\/div>","protected":false},"excerpt":{"rendered":"<p>About US More Time for Life. We Will Handle the Cleaning Who We Are. At DaK Group, we believe a [&hellip;]<\/p>\n","protected":false},"author":1,"featured_media":0,"parent":0,"menu_order":0,"comment_status":"closed","ping_status":"closed","template":"","meta":{"site-sidebar-layout":"no-sidebar","site-content-layout":"","ast-site-content-layout":"full-width-container","site-content-style":"default","site-sidebar-style":"default","ast-global-header-display":"","ast-banner-title-visibility":"","ast-main-header-display":"","ast-hfb-above-header-display":"","ast-hfb-below-header-display":"","ast-hfb-mobile-header-display":"","site-post-title":"disabled","ast-breadcrumbs-content":"","ast-featured-img":"disabled","footer-sml-layout":"","ast-disable-related-posts":"","theme-transparent-header-meta":"","adv-header-id-meta":"","stick-header-meta":"","header-above-stick-meta":"","header-main-stick-meta":"","header-below-stick-meta":"","astra-migrate-meta-layouts":"default","ast-page-background-enabled":"default","ast-page-background-meta":{"desktop":{"background-color":"var(--ast-global-color-4)","background-image":"","background-repeat":"repeat","background-position":"center center","background-size":"auto","background-attachment":"scroll","background-type":"","background-media":"","overlay-type":"","overlay-color":"","overlay-opacity":"","overlay-gradient":""},"tablet":{"background-color":"","background-image":"","background-repeat":"repeat","background-position":"center center","background-size":"auto","background-attachment":"scroll","background-type":"","background-media":"","overlay-type":"","overlay-color":"","overlay-opacity":"","overlay-gradient":""},"mobile":{"background-color":"","background-image":"","background-repeat":"repeat","background-position":"center center","background-size":"auto","background-attachment":"scroll","background-type":"","background-media":"","overlay-type":"","overlay-color":"","overlay-opacity":"","overlay-gradient":""}},"ast-content-background-meta":{"desktop":{"background-color":"var(--ast-global-color-5)","background-image":"","background-repeat":"repeat","background-position":"center center","background-size":"auto","background-attachment":"scroll","background-type":"","background-media":"","overlay-type":"","overlay-color":"","overlay-opacity":"","overlay-gradient":""},"tablet":{"background-color":"var(--ast-global-color-5)","background-image":"","background-repeat":"repeat","background-position":"center center","background-size":"auto","background-attachment":"scroll","background-type":"","background-media":"","overlay-type":"","overlay-color":"","overlay-opacity":"","overlay-gradient":""},"mobile":{"background-color":"var(--ast-global-color-5)","background-image":"","background-repeat":"repeat","background-position":"center center","background-size":"auto","background-attachment":"scroll","background-type":"","background-media":"","overlay-type":"","overlay-color":"","overlay-opacity":"","overlay-gradient":""}},"footnotes":""},"class_list":["post-25","page","type-page","status-publish","hentry"],"_links":{"self":[{"href":"https:\/\/www.dakgroup.fi\/fi\/wp-json\/wp\/v2\/pages\/25","targetHints":{"allow":["GET"]}}],"collection":[{"href":"https:\/\/www.dakgroup.fi\/fi\/wp-json\/wp\/v2\/pages"}],"about":[{"href":"https:\/\/www.dakgroup.fi\/fi\/wp-json\/wp\/v2\/types\/page"}],"author":[{"embeddable":true,"href":"https:\/\/www.dakgroup.fi\/fi\/wp-json\/wp\/v2\/users\/1"}],"replies":[{"embeddable":true,"href":"https:\/\/www.dakgroup.fi\/fi\/wp-json\/wp\/v2\/comments?post=25"}],"version-history":[{"count":18,"href":"https:\/\/www.dakgroup.fi\/fi\/wp-json\/wp\/v2\/pages\/25\/revisions"}],"predecessor-version":[{"id":2183,"href":"https:\/\/www.dakgroup.fi\/fi\/wp-json\/wp\/v2\/pages\/25\/revisions\/2183"}],"wp:attachment":[{"href":"https:\/\/www.dakgroup.fi\/fi\/wp-json\/wp\/v2\/media?parent=25"}],"curies":[{"name":"wp","href":"https:\/\/api.w.org\/{rel}","templated":true}]}}